{"id":158,"date":"2019-06-05T11:26:05","date_gmt":"2019-06-05T09:26:05","guid":{"rendered":"http:\/\/www.vms-online.eu\/AM-VMS\/?page_id=158"},"modified":"2019-06-23T09:35:18","modified_gmt":"2019-06-23T07:35:18","slug":"vertrieb","status":"publish","type":"page","link":"https:\/\/www.vms-online.eu\/AM-VMS\/vertrieb\/","title":{"rendered":"Vertrieb"},"content":{"rendered":"\t\t<div data-elementor-type=\"wp-post\" data-elementor-id=\"158\" class=\"elementor elementor-158\">\n\t\t\t\t\t\t<section class=\"elementor-section elementor-top-section elementor-element elementor-element-4849dac elementor-section-boxed elementor-section-height-default elementor-section-height-default\" data-id=\"4849dac\" data-element_type=\"section\" data-settings=\"{&quot;background_background&quot;:&quot;classic&quot;}\">\n\t\t\t\t\t\t<div class=\"elementor-container elementor-column-gap-default\">\n\t\t\t\t\t<div class=\"elementor-column elementor-col-100 elementor-top-column elementor-element elementor-element-7346f32\" data-id=\"7346f32\" data-element_type=\"column\">\n\t\t\t<div class=\"elementor-widget-wrap elementor-element-populated\">\n\t\t\t\t\t\t<div class=\"elementor-element elementor-element-cf083e9 elementor-widget elementor-widget-spacer\" data-id=\"cf083e9\" data-element_type=\"widget\" data-widget_type=\"spacer.default\">\n\t\t\t\t<div class=\"elementor-widget-container\">\n\t\t\t\t\t<div class=\"elementor-spacer\">\n\t\t\t<div class=\"elementor-spacer-inner\"><\/div>\n\t\t<\/div>\n\t\t\t\t<\/div>\n\t\t\t\t<\/div>\n\t\t\t\t\t<\/div>\n\t\t<\/div>\n\t\t\t\t\t<\/div>\n\t\t<\/section>\n\t\t\t\t<section class=\"elementor-section elementor-top-section elementor-element elementor-element-582be9f elementor-section-boxed elementor-section-height-default elementor-section-height-default\" data-id=\"582be9f\" data-element_type=\"section\" data-settings=\"{&quot;background_background&quot;:&quot;classic&quot;}\">\n\t\t\t\t\t\t<div class=\"elementor-container elementor-column-gap-default\">\n\t\t\t\t\t<div class=\"elementor-column elementor-col-33 elementor-top-column elementor-element elementor-element-c996c28\" data-id=\"c996c28\" data-element_type=\"column\">\n\t\t\t<div class=\"elementor-widget-wrap elementor-element-populated\">\n\t\t\t\t\t\t<div class=\"elementor-element elementor-element-8798d6d elementor-widget elementor-widget-heading\" data-id=\"8798d6d\" data-element_type=\"widget\" data-widget_type=\"heading.default\">\n\t\t\t\t<div class=\"elementor-widget-container\">\n\t\t\t<h1 class=\"elementor-heading-title elementor-size-xxl\">Wof\u00fcr wir stehen<\/h1>\t\t<\/div>\n\t\t\t\t<\/div>\n\t\t\t\t<div class=\"elementor-element elementor-element-99c36eb elementor-widget elementor-widget-spacer\" data-id=\"99c36eb\" data-element_type=\"widget\" data-widget_type=\"spacer.default\">\n\t\t\t\t<div class=\"elementor-widget-container\">\n\t\t\t\t\t<div class=\"elementor-spacer\">\n\t\t\t<div class=\"elementor-spacer-inner\"><\/div>\n\t\t<\/div>\n\t\t\t\t<\/div>\n\t\t\t\t<\/div>\n\t\t\t\t\t<\/div>\n\t\t<\/div>\n\t\t\t\t<div class=\"elementor-column elementor-col-66 elementor-top-column elementor-element elementor-element-7f84e6f\" data-id=\"7f84e6f\" data-element_type=\"column\">\n\t\t\t<div class=\"elementor-widget-wrap elementor-element-populated\">\n\t\t\t\t\t\t<div class=\"elementor-element elementor-element-8ab81b8 elementor-widget elementor-widget-text-editor\" data-id=\"8ab81b8\" data-element_type=\"widget\" data-widget_type=\"text-editor.default\">\n\t\t\t\t<div class=\"elementor-widget-container\">\n\t\t\t\t\t\t\t<p>Einer unserer Know-how-Schwerpunkte ist die Unterst\u00fctzung bei der Identifizierung neuer Zielm\u00e4rkte zur Generierung neuer Absatzpotenziale f\u00fcr erkl\u00e4rungsbed\u00fcrftige innovative Technologien. Dabei helfen wir beim Aufbau von globalen Netzwerken und bei der Gewinnung von strategischen Key-Partnerschaften.<br \/>Dar\u00fcber hinaus verf\u00fcgen wir \u00fcber langj\u00e4hrige Erfahrungen bei der Unterst\u00fctzung renommierter Markenartikler im Bereich Marktbearbeitung bzw. Markterschlie\u00dfung im Rahmen von Produkteinf\u00fchrungen, Relaunches, Events, POS Promotion und Streetworking im zweistufigen und einstufigen Lebensmittel- und Fachhandel durch den flankierenden Einsatz einer externen Vertriebsorganisation. Aufgabenstellungen sind neben der Abverkaufsforcierung die Schaffung fl\u00e4chendeckender Distribution sowie die Beseitigung von Out-of-stock-Situationen.<\/p>\t\t\t\t\t\t<\/div>\n\t\t\t\t<\/div>\n\t\t\t\t<div class=\"elementor-element elementor-element-8084e32 elementor-align-right elementor-invisible elementor-widget elementor-widget-button\" data-id=\"8084e32\" data-element_type=\"widget\" data-settings=\"{&quot;_animation&quot;:&quot;bounce&quot;}\" data-widget_type=\"button.default\">\n\t\t\t\t<div class=\"elementor-widget-container\">\n\t\t\t\t\t<div class=\"elementor-button-wrapper\">\n\t\t\t<a class=\"elementor-button elementor-button-link elementor-size-xs\" href=\"http:\/\/www.vms-online.eu\/AM-VMS\/vertrieb1\/\">\n\t\t\t\t\t\t<span class=\"elementor-button-content-wrapper\">\n\t\t\t\t\t\t\t\t\t<span class=\"elementor-button-text\">weiter<\/span>\n\t\t\t\t\t<\/span>\n\t\t\t\t\t<\/a>\n\t\t<\/div>\n\t\t\t\t<\/div>\n\t\t\t\t<\/div>\n\t\t\t\t\t<\/div>\n\t\t<\/div>\n\t\t\t\t\t<\/div>\n\t\t<\/section>\n\t\t\t\t<\/div>\n\t\t","protected":false},"excerpt":{"rendered":"<p>Wof\u00fcr wir stehen Einer unserer Know-how-Schwerpunkte ist die Unterst\u00fctzung bei der Identifizierung neuer Zielm\u00e4rkte zur Generierung neuer Absatzpotenziale f\u00fcr erkl\u00e4rungsbed\u00fcrftige innovative Technologien. Dabei helfen wir beim Aufbau von globalen Netzwerken und bei der Gewinnung von strategischen Key-Partnerschaften.Dar\u00fcber hinaus verf\u00fcgen wir \u00fcber langj\u00e4hrige Erfahrungen bei der Unterst\u00fctzung renommierter Markenartikler im Bereich Marktbearbeitung bzw. Markterschlie\u00dfung im Rahmen [&hellip;]<\/p>\n","protected":false},"author":1,"featured_media":0,"parent":0,"menu_order":0,"comment_status":"closed","ping_status":"closed","template":"elementor_header_footer","meta":{"ocean_post_layout":"full-screen","ocean_both_sidebars_style":"","ocean_both_sidebars_content_width":0,"ocean_both_sidebars_sidebars_width":0,"ocean_sidebar":"0","ocean_second_sidebar":"0","ocean_disable_margins":"on","ocean_add_body_class":"","ocean_shortcode_before_top_bar":"","ocean_shortcode_after_top_bar":"","ocean_shortcode_before_header":"","ocean_shortcode_after_header":"","ocean_has_shortcode":"","ocean_shortcode_after_title":"","ocean_shortcode_before_footer_widgets":"","ocean_shortcode_after_footer_widgets":"","ocean_shortcode_before_footer_bottom":"","ocean_shortcode_after_footer_bottom":"","ocean_display_top_bar":"off","ocean_display_header":"default","ocean_header_style":"medium","ocean_center_header_left_menu":"0","ocean_custom_header_template":"0","ocean_custom_logo":10,"ocean_custom_retina_logo":0,"ocean_custom_logo_max_width":0,"ocean_custom_logo_tablet_max_width":0,"ocean_custom_logo_mobile_max_width":0,"ocean_custom_logo_max_height":0,"ocean_custom_logo_tablet_max_height":0,"ocean_custom_logo_mobile_max_height":0,"ocean_header_custom_menu":"","ocean_menu_typo_font_family":"Merriweather","ocean_menu_typo_font_subset":"","ocean_menu_typo_font_size":0,"ocean_menu_typo_font_size_tablet":0,"ocean_menu_typo_font_size_mobile":0,"ocean_menu_typo_font_size_unit":"px","ocean_menu_typo_font_weight":"","ocean_menu_typo_font_weight_tablet":"","ocean_menu_typo_font_weight_mobile":"","ocean_menu_typo_transform":"","ocean_menu_typo_transform_tablet":"","ocean_menu_typo_transform_mobile":"","ocean_menu_typo_line_height":0,"ocean_menu_typo_line_height_tablet":0,"ocean_menu_typo_line_height_mobile":0,"ocean_menu_typo_line_height_unit":"","ocean_menu_typo_spacing":0,"ocean_menu_typo_spacing_tablet":0,"ocean_menu_typo_spacing_mobile":0,"ocean_menu_typo_spacing_unit":"","ocean_menu_link_color":"","ocean_menu_link_color_hover":"","ocean_menu_link_color_active":"","ocean_menu_link_background":"","ocean_menu_link_hover_background":"","ocean_menu_link_active_background":"","ocean_menu_social_links_bg":"","ocean_menu_social_hover_links_bg":"","ocean_menu_social_links_color":"","ocean_menu_social_hover_links_color":"","ocean_disable_title":"on","ocean_disable_heading":"default","ocean_post_title":"","ocean_post_subheading":"","ocean_post_title_style":"","ocean_post_title_background_color":"","ocean_post_title_background":0,"ocean_post_title_bg_image_position":"","ocean_post_title_bg_image_attachment":"","ocean_post_title_bg_image_repeat":"","ocean_post_title_bg_image_size":"","ocean_post_title_height":0,"ocean_post_title_bg_overlay":0.5,"ocean_post_title_bg_overlay_color":"","ocean_disable_breadcrumbs":"off","ocean_breadcrumbs_color":"","ocean_breadcrumbs_separator_color":"","ocean_breadcrumbs_links_color":"","ocean_breadcrumbs_links_hover_color":"","ocean_display_footer_widgets":"off","ocean_display_footer_bottom":"off","ocean_custom_footer_template":"0"},"_links":{"self":[{"href":"https:\/\/www.vms-online.eu\/AM-VMS\/wp-json\/wp\/v2\/pages\/158"}],"collection":[{"href":"https:\/\/www.vms-online.eu\/AM-VMS\/wp-json\/wp\/v2\/pages"}],"about":[{"href":"https:\/\/www.vms-online.eu\/AM-VMS\/wp-json\/wp\/v2\/types\/page"}],"author":[{"embeddable":true,"href":"https:\/\/www.vms-online.eu\/AM-VMS\/wp-json\/wp\/v2\/users\/1"}],"replies":[{"embeddable":true,"href":"https:\/\/www.vms-online.eu\/AM-VMS\/wp-json\/wp\/v2\/comments?post=158"}],"version-history":[{"count":8,"href":"https:\/\/www.vms-online.eu\/AM-VMS\/wp-json\/wp\/v2\/pages\/158\/revisions"}],"predecessor-version":[{"id":299,"href":"https:\/\/www.vms-online.eu\/AM-VMS\/wp-json\/wp\/v2\/pages\/158\/revisions\/299"}],"wp:attachment":[{"href":"https:\/\/www.vms-online.eu\/AM-VMS\/wp-json\/wp\/v2\/media?parent=158"}],"curies":[{"name":"wp","href":"https:\/\/api.w.org\/{rel}","templated":true}]}}